{"id":1054,"date":"2020-11-10T01:00:13","date_gmt":"2020-11-10T01:00:13","guid":{"rendered":"https:\/\/onetribe.foundation\/product\/onetribe-t-shirt-unisex-red\/"},"modified":"2025-06-04T04:47:57","modified_gmt":"2025-06-04T04:47:57","slug":"onetribe-tricko-cervene","status":"publish","type":"product","link":"https:\/\/www.onetribe.foundation\/en\/product\/onetribe-tricko-cervene\/","title":{"rendered":"Onetribe tri\u010dko, unisex \u010derven\u00e9"},"content":{"rendered":"","protected":false},"excerpt":{"rendered":"<p>\u010cerven\u00e9 tri\u010dko s logom Onetribe vhodn\u00e9 pre d\u00e1my, aj p\u00e1nov.<\/p>","protected":false},"featured_media":858,"comment_status":"open","ping_status":"closed","template":"","meta":[],"product_brand":[],"product_cat":[126],"product_tag":[],"class_list":{"0":"post-1054","1":"product","2":"type-product","3":"status-publish","4":"has-post-thumbnail","6":"product_cat-tricka","8":"first","9":"onbackorder","10":"shipping-taxable","11":"purchasable","12":"product-type-variable"},"yoast_head":"<!-- This site is optimized with the Yoast SEO plugin v24.4 - https:\/\/yoast.com\/wordpress\/plugins\/seo\/ -->\n<title>Onetribe tri\u010dko, unisex \u010derven\u00e9 - Onetribe Foundation<\/title>\n<meta name=\"robots\" content=\"index, follow, max-snippet:-1, max-image-preview:large, max-video-preview:-1\" \/>\n<link rel=\"canonical\" href=\"https:\/\/www.onetribe.foundation\/en\/produkt\/onetribe-tricko-cervene\/\" \/>\n<meta property=\"og:locale\" content=\"en_US\" \/>\n<meta property=\"og:type\" content=\"article\" \/>\n<meta property=\"og:title\" content=\"Onetribe tri\u010dko, unisex \u010derven\u00e9 - Onetribe Foundation\" \/>\n<meta property=\"og:description\" content=\"\u010cerven\u00e9 tri\u010dko s logom Onetribe vhodn\u00e9 pre d\u00e1my, aj p\u00e1nov.\" \/>\n<meta property=\"og:url\" content=\"https:\/\/www.onetribe.foundation\/en\/produkt\/onetribe-tricko-cervene\/\" \/>\n<meta property=\"og:site_name\" content=\"Onetribe Foundation\" \/>\n<meta property=\"article:modified_time\" content=\"2025-06-04T04:47:57+00:00\" \/>\n<meta property=\"og:image\" content=\"https:\/\/www.onetribe.foundation\/wp-content\/uploads\/2020\/10\/onetribe-logo-tshirt-red-1200px-sq.jpg\" \/>\n\t<meta property=\"og:image:width\" content=\"1200\" \/>\n\t<meta property=\"og:image:height\" content=\"1200\" \/>\n\t<meta property=\"og:image:type\" content=\"image\/jpeg\" \/>\n<meta name=\"twitter:card\" content=\"summary_large_image\" \/>\n<script type=\"application\/ld+json\" class=\"yoast-schema-graph\">{\"@context\":\"https:\/\/schema.org\",\"@graph\":[{\"@type\":\"WebPage\",\"@id\":\"https:\/\/www.onetribe.foundation\/sk\/produkt\/onetribe-tricko-cervene\/\",\"url\":\"https:\/\/www.onetribe.foundation\/sk\/produkt\/onetribe-tricko-cervene\/\",\"name\":\"Onetribe tri\u010dko, unisex \u010derven\u00e9 - Onetribe Foundation\",\"isPartOf\":{\"@id\":\"https:\/\/www.onetribe.foundation\/#website\"},\"primaryImageOfPage\":{\"@id\":\"https:\/\/www.onetribe.foundation\/sk\/produkt\/onetribe-tricko-cervene\/#primaryimage\"},\"image\":{\"@id\":\"https:\/\/www.onetribe.foundation\/sk\/produkt\/onetribe-tricko-cervene\/#primaryimage\"},\"thumbnailUrl\":\"https:\/\/www.onetribe.foundation\/wp-content\/uploads\/2020\/10\/onetribe-logo-tshirt-red-1200px-sq.jpg\",\"datePublished\":\"2020-11-10T01:00:13+00:00\",\"dateModified\":\"2025-06-04T04:47:57+00:00\",\"breadcrumb\":{\"@id\":\"https:\/\/www.onetribe.foundation\/sk\/produkt\/onetribe-tricko-cervene\/#breadcrumb\"},\"inLanguage\":\"en-US\",\"potentialAction\":[{\"@type\":\"ReadAction\",\"target\":[\"https:\/\/www.onetribe.foundation\/sk\/produkt\/onetribe-tricko-cervene\/\"]}]},{\"@type\":\"ImageObject\",\"inLanguage\":\"en-US\",\"@id\":\"https:\/\/www.onetribe.foundation\/sk\/produkt\/onetribe-tricko-cervene\/#primaryimage\",\"url\":\"https:\/\/www.onetribe.foundation\/wp-content\/uploads\/2020\/10\/onetribe-logo-tshirt-red-1200px-sq.jpg\",\"contentUrl\":\"https:\/\/www.onetribe.foundation\/wp-content\/uploads\/2020\/10\/onetribe-logo-tshirt-red-1200px-sq.jpg\",\"width\":1200,\"height\":1200,\"caption\":\"Onetribe tri\u010dko, unisex \u010derven\u00e9\"},{\"@type\":\"BreadcrumbList\",\"@id\":\"https:\/\/www.onetribe.foundation\/sk\/produkt\/onetribe-tricko-cervene\/#breadcrumb\",\"itemListElement\":[{\"@type\":\"ListItem\",\"position\":1,\"name\":\"Home\",\"item\":\"https:\/\/www.onetribe.foundation\/\"},{\"@type\":\"ListItem\",\"position\":2,\"name\":\"Onetribe Shop\",\"item\":\"https:\/\/www.onetribe.foundation\/shop\/\"},{\"@type\":\"ListItem\",\"position\":3,\"name\":\"Onetribe tri\u010dko, unisex \u010derven\u00e9\"}]},{\"@type\":\"WebSite\",\"@id\":\"https:\/\/www.onetribe.foundation\/#website\",\"url\":\"https:\/\/www.onetribe.foundation\/\",\"name\":\"Onetribe Foundation\",\"description\":\"Vytv\u00e1rame environment\u00e1lne a vzdel\u00e1vacie projekty v Afrike\",\"publisher\":{\"@id\":\"https:\/\/www.onetribe.foundation\/#organization\"},\"potentialAction\":[{\"@type\":\"SearchAction\",\"target\":{\"@type\":\"EntryPoint\",\"urlTemplate\":\"https:\/\/www.onetribe.foundation\/?s={search_term_string}\"},\"query-input\":{\"@type\":\"PropertyValueSpecification\",\"valueRequired\":true,\"valueName\":\"search_term_string\"}}],\"inLanguage\":\"en-US\"},{\"@type\":\"Organization\",\"@id\":\"https:\/\/www.onetribe.foundation\/#organization\",\"name\":\"Onetribe Foundation\",\"url\":\"https:\/\/www.onetribe.foundation\/\",\"logo\":{\"@type\":\"ImageObject\",\"inLanguage\":\"en-US\",\"@id\":\"https:\/\/www.onetribe.foundation\/#\/schema\/logo\/image\/\",\"url\":\"https:\/\/www.onetribe.foundation\/wp-content\/uploads\/2020\/11\/onetribe-wc-header-310px.png\",\"contentUrl\":\"https:\/\/www.onetribe.foundation\/wp-content\/uploads\/2020\/11\/onetribe-wc-header-310px.png\",\"width\":310,\"height\":100,\"caption\":\"Onetribe Foundation\"},\"image\":{\"@id\":\"https:\/\/www.onetribe.foundation\/#\/schema\/logo\/image\/\"}}]}<\/script>\n<!-- \/ Yoast SEO plugin. -->","yoast_head_json":{"title":"Onetribe tri\u010dko, unisex \u010derven\u00e9 - Onetribe Foundation","robots":{"index":"index","follow":"follow","max-snippet":"max-snippet:-1","max-image-preview":"max-image-preview:large","max-video-preview":"max-video-preview:-1"},"canonical":"https:\/\/www.onetribe.foundation\/en\/produkt\/onetribe-tricko-cervene\/","og_locale":"en_US","og_type":"article","og_title":"Onetribe tri\u010dko, unisex \u010derven\u00e9 - Onetribe Foundation","og_description":"\u010cerven\u00e9 tri\u010dko s logom Onetribe vhodn\u00e9 pre d\u00e1my, aj p\u00e1nov.","og_url":"https:\/\/www.onetribe.foundation\/en\/produkt\/onetribe-tricko-cervene\/","og_site_name":"Onetribe Foundation","article_modified_time":"2025-06-04T04:47:57+00:00","og_image":[{"width":1200,"height":1200,"url":"https:\/\/www.onetribe.foundation\/wp-content\/uploads\/2020\/10\/onetribe-logo-tshirt-red-1200px-sq.jpg","type":"image\/jpeg"}],"twitter_card":"summary_large_image","schema":{"@context":"https:\/\/schema.org","@graph":[{"@type":"WebPage","@id":"https:\/\/www.onetribe.foundation\/sk\/produkt\/onetribe-tricko-cervene\/","url":"https:\/\/www.onetribe.foundation\/sk\/produkt\/onetribe-tricko-cervene\/","name":"Onetribe tri\u010dko, unisex \u010derven\u00e9 - Onetribe Foundation","isPartOf":{"@id":"https:\/\/www.onetribe.foundation\/#website"},"primaryImageOfPage":{"@id":"https:\/\/www.onetribe.foundation\/sk\/produkt\/onetribe-tricko-cervene\/#primaryimage"},"image":{"@id":"https:\/\/www.onetribe.foundation\/sk\/produkt\/onetribe-tricko-cervene\/#primaryimage"},"thumbnailUrl":"https:\/\/www.onetribe.foundation\/wp-content\/uploads\/2020\/10\/onetribe-logo-tshirt-red-1200px-sq.jpg","datePublished":"2020-11-10T01:00:13+00:00","dateModified":"2025-06-04T04:47:57+00:00","breadcrumb":{"@id":"https:\/\/www.onetribe.foundation\/sk\/produkt\/onetribe-tricko-cervene\/#breadcrumb"},"inLanguage":"en-US","potentialAction":[{"@type":"ReadAction","target":["https:\/\/www.onetribe.foundation\/sk\/produkt\/onetribe-tricko-cervene\/"]}]},{"@type":"ImageObject","inLanguage":"en-US","@id":"https:\/\/www.onetribe.foundation\/sk\/produkt\/onetribe-tricko-cervene\/#primaryimage","url":"https:\/\/www.onetribe.foundation\/wp-content\/uploads\/2020\/10\/onetribe-logo-tshirt-red-1200px-sq.jpg","contentUrl":"https:\/\/www.onetribe.foundation\/wp-content\/uploads\/2020\/10\/onetribe-logo-tshirt-red-1200px-sq.jpg","width":1200,"height":1200,"caption":"Onetribe tri\u010dko, unisex \u010derven\u00e9"},{"@type":"BreadcrumbList","@id":"https:\/\/www.onetribe.foundation\/sk\/produkt\/onetribe-tricko-cervene\/#breadcrumb","itemListElement":[{"@type":"ListItem","position":1,"name":"Home","item":"https:\/\/www.onetribe.foundation\/"},{"@type":"ListItem","position":2,"name":"Onetribe Shop","item":"https:\/\/www.onetribe.foundation\/shop\/"},{"@type":"ListItem","position":3,"name":"Onetribe tri\u010dko, unisex \u010derven\u00e9"}]},{"@type":"WebSite","@id":"https:\/\/www.onetribe.foundation\/#website","url":"https:\/\/www.onetribe.foundation\/","name":"Onetribe Foundation","description":"Vytv\u00e1rame environment\u00e1lne a vzdel\u00e1vacie projekty v Afrike","publisher":{"@id":"https:\/\/www.onetribe.foundation\/#organization"},"potentialAction":[{"@type":"SearchAction","target":{"@type":"EntryPoint","urlTemplate":"https:\/\/www.onetribe.foundation\/?s={search_term_string}"},"query-input":{"@type":"PropertyValueSpecification","valueRequired":true,"valueName":"search_term_string"}}],"inLanguage":"en-US"},{"@type":"Organization","@id":"https:\/\/www.onetribe.foundation\/#organization","name":"Onetribe Foundation","url":"https:\/\/www.onetribe.foundation\/","logo":{"@type":"ImageObject","inLanguage":"en-US","@id":"https:\/\/www.onetribe.foundation\/#\/schema\/logo\/image\/","url":"https:\/\/www.onetribe.foundation\/wp-content\/uploads\/2020\/11\/onetribe-wc-header-310px.png","contentUrl":"https:\/\/www.onetribe.foundation\/wp-content\/uploads\/2020\/11\/onetribe-wc-header-310px.png","width":310,"height":100,"caption":"Onetribe Foundation"},"image":{"@id":"https:\/\/www.onetribe.foundation\/#\/schema\/logo\/image\/"}}]}},"_links":{"self":[{"href":"https:\/\/www.onetribe.foundation\/en\/wp-json\/wp\/v2\/product\/1054","targetHints":{"allow":["GET"]}}],"collection":[{"href":"https:\/\/www.onetribe.foundation\/en\/wp-json\/wp\/v2\/product"}],"about":[{"href":"https:\/\/www.onetribe.foundation\/en\/wp-json\/wp\/v2\/types\/product"}],"replies":[{"embeddable":true,"href":"https:\/\/www.onetribe.foundation\/en\/wp-json\/wp\/v2\/comments?post=1054"}],"version-history":[{"count":0,"href":"https:\/\/www.onetribe.foundation\/en\/wp-json\/wp\/v2\/product\/1054\/revisions"}],"wp:featuredmedia":[{"embeddable":true,"href":"https:\/\/www.onetribe.foundation\/en\/wp-json\/wp\/v2\/media\/858"}],"wp:attachment":[{"href":"https:\/\/www.onetribe.foundation\/en\/wp-json\/wp\/v2\/media?parent=1054"}],"wp:term":[{"taxonomy":"product_brand","embeddable":true,"href":"https:\/\/www.onetribe.foundation\/en\/wp-json\/wp\/v2\/product_brand?post=1054"},{"taxonomy":"product_cat","embeddable":true,"href":"https:\/\/www.onetribe.foundation\/en\/wp-json\/wp\/v2\/product_cat?post=1054"},{"taxonomy":"product_tag","embeddable":true,"href":"https:\/\/www.onetribe.foundation\/en\/wp-json\/wp\/v2\/product_tag?post=1054"}],"curies":[{"name":"wp","href":"https:\/\/api.w.org\/{rel}","templated":true}]}}