{"id":990,"date":"2020-09-05T04:22:12","date_gmt":"2020-09-05T04:22:12","guid":{"rendered":"https:\/\/onetribe.foundation\/track-my-order\/"},"modified":"2020-12-05T02:34:58","modified_gmt":"2020-12-05T02:34:58","slug":"stav-objednavky","status":"publish","type":"page","link":"https:\/\/www.onetribe.foundation\/en\/stav-objednavky\/","title":{"rendered":"Zisti\u0165 stav objedn\u00e1vky"},"content":{"rendered":"[vc_row][vc_column]<div class=\"woocommerce\"><\/div>[\/vc_column][\/vc_row]","protected":false},"excerpt":{"rendered":"<p>[vc_row][vc_column][\/vc_column][\/vc_row]<\/p>","protected":false},"author":1,"featured_media":0,"parent":0,"menu_order":0,"comment_status":"closed","ping_status":"closed","template":"","meta":{"footnotes":""},"class_list":["post-990","page","type-page","status-publish","hentry"],"yoast_head":"<!-- This site is optimized with the Yoast SEO plugin v24.4 - https:\/\/yoast.com\/wordpress\/plugins\/seo\/ -->\n<title>Zisti\u0165 stav objedn\u00e1vky - Onetribe Foundation<\/title>\n<meta name=\"robots\" content=\"index, follow, max-snippet:-1, max-image-preview:large, max-video-preview:-1\" \/>\n<link rel=\"canonical\" href=\"https:\/\/www.onetribe.foundation\/en\/stav-objednavky\/\" \/>\n<meta property=\"og:locale\" content=\"en_US\" \/>\n<meta property=\"og:type\" content=\"article\" \/>\n<meta property=\"og:title\" content=\"Zisti\u0165 stav objedn\u00e1vky - Onetribe Foundation\" \/>\n<meta property=\"og:description\" content=\"[vc_row][vc_column][\/vc_column][\/vc_row]\" \/>\n<meta property=\"og:url\" content=\"https:\/\/www.onetribe.foundation\/en\/stav-objednavky\/\" \/>\n<meta property=\"og:site_name\" content=\"Onetribe Foundation\" \/>\n<meta property=\"article:modified_time\" content=\"2020-12-05T02:34:58+00:00\" \/>\n<meta name=\"twitter:card\" content=\"summary_large_image\" \/>\n<script type=\"application\/ld+json\" class=\"yoast-schema-graph\">{\"@context\":\"https:\/\/schema.org\",\"@graph\":[{\"@type\":\"WebPage\",\"@id\":\"https:\/\/www.onetribe.foundation\/sk\/stav-objednavky\/\",\"url\":\"https:\/\/www.onetribe.foundation\/sk\/stav-objednavky\/\",\"name\":\"Zisti\u0165 stav objedn\u00e1vky - Onetribe Foundation\",\"isPartOf\":{\"@id\":\"https:\/\/www.onetribe.foundation\/#website\"},\"datePublished\":\"2020-09-05T04:22:12+00:00\",\"dateModified\":\"2020-12-05T02:34:58+00:00\",\"breadcrumb\":{\"@id\":\"https:\/\/www.onetribe.foundation\/sk\/stav-objednavky\/#breadcrumb\"},\"inLanguage\":\"en-US\",\"potentialAction\":[{\"@type\":\"ReadAction\",\"target\":[\"https:\/\/www.onetribe.foundation\/sk\/stav-objednavky\/\"]}]},{\"@type\":\"BreadcrumbList\",\"@id\":\"https:\/\/www.onetribe.foundation\/sk\/stav-objednavky\/#breadcrumb\",\"itemListElement\":[{\"@type\":\"ListItem\",\"position\":1,\"name\":\"Home\",\"item\":\"https:\/\/www.onetribe.foundation\/\"},{\"@type\":\"ListItem\",\"position\":2,\"name\":\"Zisti\u0165 stav objedn\u00e1vky\"}]},{\"@type\":\"WebSite\",\"@id\":\"https:\/\/www.onetribe.foundation\/#website\",\"url\":\"https:\/\/www.onetribe.foundation\/\",\"name\":\"Onetribe Foundation\",\"description\":\"Vytv\u00e1rame environment\u00e1lne a vzdel\u00e1vacie projekty v Afrike\",\"publisher\":{\"@id\":\"https:\/\/www.onetribe.foundation\/#organization\"},\"potentialAction\":[{\"@type\":\"SearchAction\",\"target\":{\"@type\":\"EntryPoint\",\"urlTemplate\":\"https:\/\/www.onetribe.foundation\/?s={search_term_string}\"},\"query-input\":{\"@type\":\"PropertyValueSpecification\",\"valueRequired\":true,\"valueName\":\"search_term_string\"}}],\"inLanguage\":\"en-US\"},{\"@type\":\"Organization\",\"@id\":\"https:\/\/www.onetribe.foundation\/#organization\",\"name\":\"Onetribe Foundation\",\"url\":\"https:\/\/www.onetribe.foundation\/\",\"logo\":{\"@type\":\"ImageObject\",\"inLanguage\":\"en-US\",\"@id\":\"https:\/\/www.onetribe.foundation\/#\/schema\/logo\/image\/\",\"url\":\"https:\/\/www.onetribe.foundation\/wp-content\/uploads\/2020\/11\/onetribe-wc-header-310px.png\",\"contentUrl\":\"https:\/\/www.onetribe.foundation\/wp-content\/uploads\/2020\/11\/onetribe-wc-header-310px.png\",\"width\":310,\"height\":100,\"caption\":\"Onetribe Foundation\"},\"image\":{\"@id\":\"https:\/\/www.onetribe.foundation\/#\/schema\/logo\/image\/\"}}]}<\/script>\n<!-- \/ Yoast SEO plugin. -->","yoast_head_json":{"title":"Zisti\u0165 stav objedn\u00e1vky - Onetribe Foundation","robots":{"index":"index","follow":"follow","max-snippet":"max-snippet:-1","max-image-preview":"max-image-preview:large","max-video-preview":"max-video-preview:-1"},"canonical":"https:\/\/www.onetribe.foundation\/en\/stav-objednavky\/","og_locale":"en_US","og_type":"article","og_title":"Zisti\u0165 stav objedn\u00e1vky - Onetribe Foundation","og_description":"[vc_row][vc_column][\/vc_column][\/vc_row]","og_url":"https:\/\/www.onetribe.foundation\/en\/stav-objednavky\/","og_site_name":"Onetribe Foundation","article_modified_time":"2020-12-05T02:34:58+00:00","twitter_card":"summary_large_image","schema":{"@context":"https:\/\/schema.org","@graph":[{"@type":"WebPage","@id":"https:\/\/www.onetribe.foundation\/sk\/stav-objednavky\/","url":"https:\/\/www.onetribe.foundation\/sk\/stav-objednavky\/","name":"Zisti\u0165 stav objedn\u00e1vky - Onetribe Foundation","isPartOf":{"@id":"https:\/\/www.onetribe.foundation\/#website"},"datePublished":"2020-09-05T04:22:12+00:00","dateModified":"2020-12-05T02:34:58+00:00","breadcrumb":{"@id":"https:\/\/www.onetribe.foundation\/sk\/stav-objednavky\/#breadcrumb"},"inLanguage":"en-US","potentialAction":[{"@type":"ReadAction","target":["https:\/\/www.onetribe.foundation\/sk\/stav-objednavky\/"]}]},{"@type":"BreadcrumbList","@id":"https:\/\/www.onetribe.foundation\/sk\/stav-objednavky\/#breadcrumb","itemListElement":[{"@type":"ListItem","position":1,"name":"Home","item":"https:\/\/www.onetribe.foundation\/"},{"@type":"ListItem","position":2,"name":"Zisti\u0165 stav objedn\u00e1vky"}]},{"@type":"WebSite","@id":"https:\/\/www.onetribe.foundation\/#website","url":"https:\/\/www.onetribe.foundation\/","name":"Onetribe Foundation","description":"Vytv\u00e1rame environment\u00e1lne a vzdel\u00e1vacie projekty v Afrike","publisher":{"@id":"https:\/\/www.onetribe.foundation\/#organization"},"potentialAction":[{"@type":"SearchAction","target":{"@type":"EntryPoint","urlTemplate":"https:\/\/www.onetribe.foundation\/?s={search_term_string}"},"query-input":{"@type":"PropertyValueSpecification","valueRequired":true,"valueName":"search_term_string"}}],"inLanguage":"en-US"},{"@type":"Organization","@id":"https:\/\/www.onetribe.foundation\/#organization","name":"Onetribe Foundation","url":"https:\/\/www.onetribe.foundation\/","logo":{"@type":"ImageObject","inLanguage":"en-US","@id":"https:\/\/www.onetribe.foundation\/#\/schema\/logo\/image\/","url":"https:\/\/www.onetribe.foundation\/wp-content\/uploads\/2020\/11\/onetribe-wc-header-310px.png","contentUrl":"https:\/\/www.onetribe.foundation\/wp-content\/uploads\/2020\/11\/onetribe-wc-header-310px.png","width":310,"height":100,"caption":"Onetribe Foundation"},"image":{"@id":"https:\/\/www.onetribe.foundation\/#\/schema\/logo\/image\/"}}]}},"_links":{"self":[{"href":"https:\/\/www.onetribe.foundation\/en\/wp-json\/wp\/v2\/pages\/990","targetHints":{"allow":["GET"]}}],"collection":[{"href":"https:\/\/www.onetribe.foundation\/en\/wp-json\/wp\/v2\/pages"}],"about":[{"href":"https:\/\/www.onetribe.foundation\/en\/wp-json\/wp\/v2\/types\/page"}],"author":[{"embeddable":true,"href":"https:\/\/www.onetribe.foundation\/en\/wp-json\/wp\/v2\/users\/1"}],"replies":[{"embeddable":true,"href":"https:\/\/www.onetribe.foundation\/en\/wp-json\/wp\/v2\/comments?post=990"}],"version-history":[{"count":2,"href":"https:\/\/www.onetribe.foundation\/en\/wp-json\/wp\/v2\/pages\/990\/revisions"}],"predecessor-version":[{"id":1002,"href":"https:\/\/www.onetribe.foundation\/en\/wp-json\/wp\/v2\/pages\/990\/revisions\/1002"}],"wp:attachment":[{"href":"https:\/\/www.onetribe.foundation\/en\/wp-json\/wp\/v2\/media?parent=990"}],"curies":[{"name":"wp","href":"https:\/\/api.w.org\/{rel}","templated":true}]}}