{"id":558,"date":"2020-10-18T11:06:05","date_gmt":"2020-10-18T11:06:05","guid":{"rendered":"https:\/\/onetribe.foundation\/?page_id=558"},"modified":"2021-05-06T12:12:18","modified_gmt":"2021-05-06T12:12:18","slug":"terms","status":"publish","type":"page","link":"https:\/\/www.onetribe.foundation\/en\/terms\/","title":{"rendered":"Terms &#038; Conditions"},"content":{"rendered":"[vc_row thb_full_width=&#8220;true&#8220; thb_row_padding=&#8220;true&#8220; thb_column_padding=&#8220;true&#8220; thb_shape_divider=&#8220;true&#8220; css=&#8220;.vc_custom_1600314985522{padding-bottom: 100px !important;background: #0a0a0a url(https:\/\/onetribe.foundation\/wp-content\/uploads\/2020\/09\/amevi-wisdom-wiUl_NyafcY-unsplash.jpg?id=364) !important;background-position: center !important;background-repeat: no-repeat !important;background-size: cover !important;}&#8220; divider_shape=&#8220;tilt_v2&#8243; thb_divider_color=&#8220;#ffffff&#8220; thb_divider_height=&#8220;100&#8243; bg_gradient1=&#8220;rgba(0,0,0,0.6)&#8220; bg_gradient2=&#8220;rgba(0,0,0,0.7)&#8220;][vc_column][vc_row_inner css=&#8220;.vc_custom_1522314053191{padding-top: 25vh !important;padding-bottom: 14vh !important;}&#8220;][vc_column_inner thb_color=&#8220;thb-light-column&#8220;][thb_slidetype slide_text=&#8220;<\/p>\n<h1><strong>*Terms &amp; Conditions*<\/strong><\/h1>\n<p>&#8222;][\/vc_column_inner][\/vc_row_inner][\/vc_column][\/vc_row][vc_row css=&#8220;.vc_custom_1519212046034{padding-top: 4vh !important;}&#8220;][vc_column width=&#8220;2\/3&#8243; css=&#8220;.vc_custom_1517861148855{padding-top: 7vh !important;padding-bottom: 4vh !important;}&#8220;][vc_column_text animation=&#8220;animation bottom-to-top&#8220;]\n<h2>1. General provisions<\/h2>\n<p>These general business conditions (hereinafter also referred to as the GTC) regulate the rights and obligations of the contracting parties arising from the purchase contract concluded between the Buyer and the Seller. The subject of the purchase contract is the purchase and sale of products and services in the electronic store on the website onetribe.foundation, or by email (hereinafter also as Services).<\/p>\n<p><strong>Seller<\/strong><\/p>\n<p>ONE TRIBE foundation<br \/>\nJozefa Kronera 11246\/15<br \/>\n036 01 Martin<br \/>\nSlovakia<br \/>\nID: 531 637 29<\/p>\n<p>Email: info@onetribe.foundation<br \/>\nPhone: +421 915 851 758<\/p>\n<p>Bank: V\u00daB, a.s.<br \/>\nIBAN account number (EUR): SK9702000000004329614153<\/p>\n<p>Civic association registered at the Ministry of the Interior of the Slovak Republic under registration number VVS \/ 1-900 \/ 90-59550.<\/p>\n<h2>2. Ordering goods and concluding a purchase contract<\/h2>\n<p>The condition for the validity of the electronic order is the completion of all prescribed data and requirements required when completing the order. The order is a draft purchase agreement.<\/p>\n<p>No formal confirmation of the order by the Seller is required to conclude the purchase contract, the contract is created by the actual delivery of the online product, goods or service.<\/p>\n<p>By placing an order, the Buyer accepts the business conditions for the delivery of goods declared by the Seller.\u00a0 The relationship between the Buyer and the Seller is governed by these terms and conditions, which are binding on both parties unless otherwise provided in the contract.<\/p>\n<h2>3. Price of products<\/h2>\n<p>Prices for online products, goods and services listed in the seller&#8217;s online store are current and valid at the time of ordering the goods. The buyer will receive the goods at the price valid at the time of ordering. We are not VAT payers.<\/p>\n<p>The seller reserves the right to make typographical errors. The purchase price will be considered paid only after crediting the entire purchase price for a separate part of the delivery to the current account of the Seller, the account of the payment gateway or the PayPal account.<\/p>\n<p>The seller reserves the right of ownership of the goods until full payment of the purchase price.\u00a0 The invoice issued on the basis of the purchase contract between the Seller and the Buyer is at the same time a tax document and is sent to the Buyer electronically.<\/p>\n<p>Acceptance of the goods by the Buyer is possible only after its full payment, unless otherwise agreed.<\/p>\n<h2>4. Payment options<\/h2>\n<p>The Buyer has the option to pay in the Seller&#8217;s online store by credit card, credit card or online bank transfer. Direct payment to account and cash on delivery is not possible.<\/p>\n<h2>5. Transport options<\/h2>\n<p>The buyer has the option to choose the services of Slovensk\u00e1 po\u0161ta or Z\u00e1sielkovne as the method of delivery of physical goods.\u00a0 Upon delivery by the Mail Order, the buyer has the option to choose any dispensing point from the Mail Order menu, which he chooses by entering the name of the selected dispensing point in the order note.<\/p>\n<h2>6. Delivery time and delivery conditions<\/h2>\n<p>The delivery time for the goods is the same as the delivery times of Slovensk\u00e1 po\u0161ta and Z\u00e1sielkovna, to which one day is added.\u00a0 In case of delayed delivery, we will notify the Buyer in advance.<\/p>\n<h2>7.\u00a0Postage and packing<\/h2>\n<p>The amount of postage and packing is determined for each order before payment.<\/p>\n<h2>8. Warranty conditions and complaints<\/h2>\n<p>The statutory warranty period of 24 months applies to goods purchased through the onetribe.foundation online store. The warranty period begins with the conclusion of the consumer contract, ie. the moment when the Buyer pays for the goods and accepts them from the Seller.<\/p>\n<p>The Buyer confirms his agreement with the warranty conditions by taking over the goods.<\/p>\n<h2>9. Withdrawal from the contract<\/h2>\n<p>Pursuant to the provisions of Section 12 of the Consumer Protection Act in Doorstep Selling and Mail Order (Act No. 108\/2000 Coll.), The Buyer, as a private person, has the right to withdraw from the contract within 14 working days of receiving the goods if the goods were ordered by means of communication. remotely (internet, e-mail, telephone, fax). The buyer is obliged to notify the seller of the return of the goods in advance, stating the invoice number on which the goods were purchased. In the case of return of goods delivered by consignment, the corresponding funds are returned exclusively by non-cash transfer to the account within 15 days, unless otherwise agreed. The provisions of the Civil Code, Act no. 250\/2007 Coll. on consumer protection and Act no. 108\/2000 Coll. on consumer protection in doorstep selling and mail order sales.<\/p>\n<p>You can download the withdrawal form here.<\/p>\n<h2>10. Security and protection of personal data<\/h2>\n<p>The Seller declares that all personal data is confidential and will be used exclusively to perform the purchase contract between the Seller and the Buyer and will not be otherwise disclosed and provided to a third party except in situations related to distribution or payment relating to the ordered goods or services.\u00a0 For more information about privacy, see the Privacy Policy.<\/p>\n<h2>11. Final provisions<\/h2>\n<p>These terms and conditions are valid as stated on the Seller&#8217;s website on the day of sending the electronic order unless there is another written agreement between the participants.<\/p>\n<p>By sending an electronic order, the buyer unreservedly accepts all provisions of the terms and conditions as valid on the day of sending the order, the valid price of the ordered goods listed in the price list on the website, unless demonstrably agreed otherwise in a particular case.<\/p>\n<p>The rights of the Buyer in relation to the Seller arising from the Consumer Protection Act no.\u00a0 634\/1992 Coll.\u00a0 as amended, remain unaffected by these conditions.\u00a0 Legal relations and conditions not expressly regulated here, as well as any disputes arising from non-compliance with these conditions, are governed by the relevant provisions of the Commercial and Civil Code.\u00a0 The Seller and the Buyer agree to fully recognize the electronic form of communication, in particular via electronic mail and the Internet, as valid and binding for both parties.<\/p>\n<p>These terms and conditions are valid from 18.10.2020.[\/vc_column_text][\/vc_column][vc_column width=&#8220;1\/3&#8243;][\/vc_column][\/vc_row]","protected":false},"excerpt":{"rendered":"<p>[vc_row thb_full_width=&#8220;true&#8220; thb_row_padding=&#8220;true&#8220; thb_column_padding=&#8220;true&#8220; thb_shape_divider=&#8220;true&#8220; css=&#8220;.vc_custom_1600314985522{padding-bottom: 100px !important;background: #0a0a0a url(https:\/\/onetribe.foundation\/wp-content\/uploads\/2020\/09\/amevi-wisdom-wiUl_NyafcY-unsplash.jpg?id=364) !important;background-position: center !important;background-repeat: no-repeat !important;background-size: cover !important;}&#8220; divider_shape=&#8220;tilt_v2&#8243; thb_divider_color=&#8220;#ffffff&#8220; thb_divider_height=&#8220;100&#8243; bg_gradient1=&#8220;rgba(0,0,0,0.6)&#8220; bg_gradient2=&#8220;rgba(0,0,0,0.7)&#8220;][vc_column][vc_row_inner css=&#8220;.vc_custom_1522314053191{padding-top: 25vh !important;padding-bottom: 14vh !important;}&#8220;][vc_column_inner thb_color=&#8220;thb-light-column&#8220;][thb_slidetype slide_text=&#8220; *Terms &amp; Conditions* &#8222;][\/vc_column_inner][\/vc_row_inner][\/vc_column][\/vc_row][vc_row css=&#8220;.vc_custom_1519212046034{padding-top: 4vh !important;}&#8220;][vc_column width=&#8220;2\/3&#8243; css=&#8220;.vc_custom_1517861148855{padding-top: 7vh !important;padding-bottom: 4vh !important;}&#8220;][vc_column_text animation=&#8220;animation bottom-to-top&#8220;] 1. General provisions These general business conditions (hereinafter also referred to&hellip;<\/p>","protected":false},"author":1,"featured_media":0,"parent":0,"menu_order":0,"comment_status":"closed","ping_status":"closed","template":"","meta":{"footnotes":""},"class_list":["post-558","page","type-page","status-publish","hentry"],"yoast_head":"<!-- This site is optimized with the Yoast SEO plugin v24.4 - https:\/\/yoast.com\/wordpress\/plugins\/seo\/ -->\n<title>Terms &amp; Conditions | Ordering Process | Onetribe Foundation<\/title>\n<meta name=\"description\" content=\"Terms and Conditions of the webpage and e-shop \u2714 Ordering process on our website Onetribe foudation \u2714 read Terms and Conditions\" \/>\n<meta name=\"robots\" content=\"index, follow, max-snippet:-1, max-image-preview:large, max-video-preview:-1\" \/>\n<link rel=\"canonical\" href=\"https:\/\/www.onetribe.foundation\/en\/terms\/\" \/>\n<meta property=\"og:locale\" content=\"en_US\" \/>\n<meta property=\"og:type\" content=\"article\" \/>\n<meta property=\"og:title\" content=\"Terms &amp; Conditions | Ordering Process | Onetribe Foundation\" \/>\n<meta property=\"og:description\" content=\"Terms and Conditions of the webpage and e-shop \u2714 Ordering process on our website Onetribe foudation \u2714 read Terms and Conditions\" \/>\n<meta property=\"og:url\" content=\"https:\/\/www.onetribe.foundation\/en\/terms\/\" \/>\n<meta property=\"og:site_name\" content=\"Onetribe Foundation\" \/>\n<meta property=\"article:modified_time\" content=\"2021-05-06T12:12:18+00:00\" \/>\n<meta name=\"twitter:card\" content=\"summary_large_image\" \/>\n<meta name=\"twitter:label1\" content=\"Est. reading time\" \/>\n\t<meta name=\"twitter:data1\" content=\"6 minutes\" \/>\n<script type=\"application\/ld+json\" class=\"yoast-schema-graph\">{\"@context\":\"https:\/\/schema.org\",\"@graph\":[{\"@type\":\"WebPage\",\"@id\":\"https:\/\/www.onetribe.foundation\/terms\/\",\"url\":\"https:\/\/www.onetribe.foundation\/terms\/\",\"name\":\"Terms & Conditions | Ordering Process | Onetribe Foundation\",\"isPartOf\":{\"@id\":\"https:\/\/www.onetribe.foundation\/#website\"},\"datePublished\":\"2020-10-18T11:06:05+00:00\",\"dateModified\":\"2021-05-06T12:12:18+00:00\",\"description\":\"Terms and Conditions of the webpage and e-shop \u2714 Ordering process on our website Onetribe foudation \u2714 read Terms and Conditions\",\"breadcrumb\":{\"@id\":\"https:\/\/www.onetribe.foundation\/terms\/#breadcrumb\"},\"inLanguage\":\"en-US\",\"potentialAction\":[{\"@type\":\"ReadAction\",\"target\":[\"https:\/\/www.onetribe.foundation\/terms\/\"]}]},{\"@type\":\"BreadcrumbList\",\"@id\":\"https:\/\/www.onetribe.foundation\/terms\/#breadcrumb\",\"itemListElement\":[{\"@type\":\"ListItem\",\"position\":1,\"name\":\"Home\",\"item\":\"https:\/\/www.onetribe.foundation\/\"},{\"@type\":\"ListItem\",\"position\":2,\"name\":\"Terms &#038; Conditions\"}]},{\"@type\":\"WebSite\",\"@id\":\"https:\/\/www.onetribe.foundation\/#website\",\"url\":\"https:\/\/www.onetribe.foundation\/\",\"name\":\"Onetribe Foundation\",\"description\":\"Vytv\u00e1rame environment\u00e1lne a vzdel\u00e1vacie projekty v Afrike\",\"publisher\":{\"@id\":\"https:\/\/www.onetribe.foundation\/#organization\"},\"potentialAction\":[{\"@type\":\"SearchAction\",\"target\":{\"@type\":\"EntryPoint\",\"urlTemplate\":\"https:\/\/www.onetribe.foundation\/?s={search_term_string}\"},\"query-input\":{\"@type\":\"PropertyValueSpecification\",\"valueRequired\":true,\"valueName\":\"search_term_string\"}}],\"inLanguage\":\"en-US\"},{\"@type\":\"Organization\",\"@id\":\"https:\/\/www.onetribe.foundation\/#organization\",\"name\":\"Onetribe Foundation\",\"url\":\"https:\/\/www.onetribe.foundation\/\",\"logo\":{\"@type\":\"ImageObject\",\"inLanguage\":\"en-US\",\"@id\":\"https:\/\/www.onetribe.foundation\/#\/schema\/logo\/image\/\",\"url\":\"https:\/\/www.onetribe.foundation\/wp-content\/uploads\/2020\/11\/onetribe-wc-header-310px.png\",\"contentUrl\":\"https:\/\/www.onetribe.foundation\/wp-content\/uploads\/2020\/11\/onetribe-wc-header-310px.png\",\"width\":310,\"height\":100,\"caption\":\"Onetribe Foundation\"},\"image\":{\"@id\":\"https:\/\/www.onetribe.foundation\/#\/schema\/logo\/image\/\"}}]}<\/script>\n<!-- \/ Yoast SEO plugin. -->","yoast_head_json":{"title":"Terms & Conditions | Ordering Process | Onetribe Foundation","description":"Terms and Conditions of the webpage and e-shop \u2714 Ordering process on our website Onetribe foudation \u2714 read Terms and Conditions","robots":{"index":"index","follow":"follow","max-snippet":"max-snippet:-1","max-image-preview":"max-image-preview:large","max-video-preview":"max-video-preview:-1"},"canonical":"https:\/\/www.onetribe.foundation\/en\/terms\/","og_locale":"en_US","og_type":"article","og_title":"Terms & Conditions | Ordering Process | Onetribe Foundation","og_description":"Terms and Conditions of the webpage and e-shop \u2714 Ordering process on our website Onetribe foudation \u2714 read Terms and Conditions","og_url":"https:\/\/www.onetribe.foundation\/en\/terms\/","og_site_name":"Onetribe Foundation","article_modified_time":"2021-05-06T12:12:18+00:00","twitter_card":"summary_large_image","twitter_misc":{"Est. reading time":"6 minutes"},"schema":{"@context":"https:\/\/schema.org","@graph":[{"@type":"WebPage","@id":"https:\/\/www.onetribe.foundation\/terms\/","url":"https:\/\/www.onetribe.foundation\/terms\/","name":"Terms & Conditions | Ordering Process | Onetribe Foundation","isPartOf":{"@id":"https:\/\/www.onetribe.foundation\/#website"},"datePublished":"2020-10-18T11:06:05+00:00","dateModified":"2021-05-06T12:12:18+00:00","description":"Terms and Conditions of the webpage and e-shop \u2714 Ordering process on our website Onetribe foudation \u2714 read Terms and Conditions","breadcrumb":{"@id":"https:\/\/www.onetribe.foundation\/terms\/#breadcrumb"},"inLanguage":"en-US","potentialAction":[{"@type":"ReadAction","target":["https:\/\/www.onetribe.foundation\/terms\/"]}]},{"@type":"BreadcrumbList","@id":"https:\/\/www.onetribe.foundation\/terms\/#breadcrumb","itemListElement":[{"@type":"ListItem","position":1,"name":"Home","item":"https:\/\/www.onetribe.foundation\/"},{"@type":"ListItem","position":2,"name":"Terms &#038; Conditions"}]},{"@type":"WebSite","@id":"https:\/\/www.onetribe.foundation\/#website","url":"https:\/\/www.onetribe.foundation\/","name":"Onetribe Foundation","description":"Vytv\u00e1rame environment\u00e1lne a vzdel\u00e1vacie projekty v Afrike","publisher":{"@id":"https:\/\/www.onetribe.foundation\/#organization"},"potentialAction":[{"@type":"SearchAction","target":{"@type":"EntryPoint","urlTemplate":"https:\/\/www.onetribe.foundation\/?s={search_term_string}"},"query-input":{"@type":"PropertyValueSpecification","valueRequired":true,"valueName":"search_term_string"}}],"inLanguage":"en-US"},{"@type":"Organization","@id":"https:\/\/www.onetribe.foundation\/#organization","name":"Onetribe Foundation","url":"https:\/\/www.onetribe.foundation\/","logo":{"@type":"ImageObject","inLanguage":"en-US","@id":"https:\/\/www.onetribe.foundation\/#\/schema\/logo\/image\/","url":"https:\/\/www.onetribe.foundation\/wp-content\/uploads\/2020\/11\/onetribe-wc-header-310px.png","contentUrl":"https:\/\/www.onetribe.foundation\/wp-content\/uploads\/2020\/11\/onetribe-wc-header-310px.png","width":310,"height":100,"caption":"Onetribe Foundation"},"image":{"@id":"https:\/\/www.onetribe.foundation\/#\/schema\/logo\/image\/"}}]}},"_links":{"self":[{"href":"https:\/\/www.onetribe.foundation\/en\/wp-json\/wp\/v2\/pages\/558","targetHints":{"allow":["GET"]}}],"collection":[{"href":"https:\/\/www.onetribe.foundation\/en\/wp-json\/wp\/v2\/pages"}],"about":[{"href":"https:\/\/www.onetribe.foundation\/en\/wp-json\/wp\/v2\/types\/page"}],"author":[{"embeddable":true,"href":"https:\/\/www.onetribe.foundation\/en\/wp-json\/wp\/v2\/users\/1"}],"replies":[{"embeddable":true,"href":"https:\/\/www.onetribe.foundation\/en\/wp-json\/wp\/v2\/comments?post=558"}],"version-history":[{"count":7,"href":"https:\/\/www.onetribe.foundation\/en\/wp-json\/wp\/v2\/pages\/558\/revisions"}],"predecessor-version":[{"id":1213,"href":"https:\/\/www.onetribe.foundation\/en\/wp-json\/wp\/v2\/pages\/558\/revisions\/1213"}],"wp:attachment":[{"href":"https:\/\/www.onetribe.foundation\/en\/wp-json\/wp\/v2\/media?parent=558"}],"curies":[{"name":"wp","href":"https:\/\/api.w.org\/{rel}","templated":true}]}}