{"id":370,"date":"2020-09-17T04:06:25","date_gmt":"2020-09-17T04:06:25","guid":{"rendered":"https:\/\/onetribe.foundation\/?page_id=370"},"modified":"2021-05-02T10:54:06","modified_gmt":"2021-05-02T10:54:06","slug":"contacts","status":"publish","type":"page","link":"https:\/\/www.onetribe.foundation\/en\/contacts\/","title":{"rendered":"Contacts"},"content":{"rendered":"[vc_row thb_full_width=&#8220;true&#8220; thb_row_padding=&#8220;true&#8220; thb_column_padding=&#8220;true&#8220; thb_shape_divider=&#8220;true&#8220; css=&#8220;.vc_custom_1602481051739{padding-bottom: 100px !important;background: #0a0a0a url(https:\/\/onetribe.foundation\/wp-content\/uploads\/2020\/10\/bill-wegener-LqOO5Ko0zSo-unsplash.jpg?id=429) !important;background-position: center !important;background-repeat: no-repeat !important;background-size: cover !important;}&#8220; divider_shape=&#8220;tilt_v2&#8243; thb_divider_color=&#8220;#ffffff&#8220; thb_divider_height=&#8220;100&#8243; bg_gradient1=&#8220;rgba(0,0,0,0.6)&#8220; bg_gradient2=&#8220;rgba(0,0,0,0.7)&#8220;][vc_column][vc_row_inner css=&#8220;.vc_custom_1522314053191{padding-top: 25vh !important;padding-bottom: 14vh !important;}&#8220;][vc_column_inner thb_color=&#8220;thb-light-column&#8220;][thb_slidetype slide_text=&#8220;<\/p>\n<h1><strong>*Contact Details*<\/strong><\/h1>\n<p>&#8222;][\/vc_column_inner][\/vc_row_inner][\/vc_column][\/vc_row][vc_row css=&#8220;.vc_custom_1519212046034{padding-top: 4vh !important;}&#8220;][vc_column css=&#8220;.vc_custom_1517861148855{padding-top: 7vh !important;padding-bottom: 4vh !important;}&#8220;][thb_slidetype slide_text=&#8220;<\/p>\n<h2>*Say Hello, We&#8217;ll Say Hi Back*<\/h2>\n<p>&#8222;][vc_column_text animation=&#8220;animation bottom-to-top&#8220;]We&#8217;re stronger together.[\/vc_column_text][\/vc_column][\/vc_row][vc_row css=&#8220;.vc_custom_1517861158111{padding-bottom: 6vh !important;}&#8220;][vc_column width=&#8220;2\/3&#8243; animation=&#8220;animation fade-in&#8220; css=&#8220;.vc_custom_1517593777084{padding-right: 5% !important;}&#8220;][contact-form-7 id=&#8220;392&#8243;][\/vc_column][vc_column width=&#8220;1\/3&#8243; css=&#8220;.vc_custom_1517593771591{padding-left: 5% !important;}&#8220;][vc_column_text animation=&#8220;animation right-to-left&#8220;]<strong>Registration Details<\/strong><\/p>\n<p><small>ONE TRIBE foundation<br \/>\nJozefa Kronera 11246\/15<br \/>\n036 01 Martin<br \/>\nSlovakia<br \/>\nID: 531 637 29<\/small>[\/vc_column_text][vc_column_text animation=&#8220;animation right-to-left&#8220;]<strong>Bank Account<\/strong><\/p>\n<p><small>IBAN: SK9702000000004329614153<br \/>\nSWIFT: SUBASKBX<br \/>\nBank name: Vseobecna uverova banka, a.s.<\/small>[\/vc_column_text][vc_column_text animation=&#8220;animation right-to-left&#8220;]<strong>Call Us<\/strong><\/p>\n<p><a href=\"tel:+421915851758\"><small>+421 915 851 758<\/small><\/a>[\/vc_column_text][vc_column_text animation=&#8220;animation right-to-left&#8220;]<strong>Say Hello<\/strong><\/p>\n<p><a href=\"mailto:info@onetribe.foundation\"><small>info@onetribe.foundation<\/small><\/a>[\/vc_column_text][\/vc_column][\/vc_row]","protected":false},"excerpt":{"rendered":"<p>[vc_row thb_full_width=&#8220;true&#8220; thb_row_padding=&#8220;true&#8220; thb_column_padding=&#8220;true&#8220; thb_shape_divider=&#8220;true&#8220; css=&#8220;.vc_custom_1602481051739{padding-bottom: 100px !important;background: #0a0a0a url(https:\/\/onetribe.foundation\/wp-content\/uploads\/2020\/10\/bill-wegener-LqOO5Ko0zSo-unsplash.jpg?id=429) !important;background-position: center !important;background-repeat: no-repeat !important;background-size: cover !important;}&#8220; divider_shape=&#8220;tilt_v2&#8243; thb_divider_color=&#8220;#ffffff&#8220; thb_divider_height=&#8220;100&#8243; bg_gradient1=&#8220;rgba(0,0,0,0.6)&#8220; bg_gradient2=&#8220;rgba(0,0,0,0.7)&#8220;][vc_column][vc_row_inner css=&#8220;.vc_custom_1522314053191{padding-top: 25vh !important;padding-bottom: 14vh !important;}&#8220;][vc_column_inner thb_color=&#8220;thb-light-column&#8220;][thb_slidetype slide_text=&#8220; *Contact Details* &#8222;][\/vc_column_inner][\/vc_row_inner][\/vc_column][\/vc_row][vc_row css=&#8220;.vc_custom_1519212046034{padding-top: 4vh !important;}&#8220;][vc_column css=&#8220;.vc_custom_1517861148855{padding-top: 7vh !important;padding-bottom: 4vh !important;}&#8220;][thb_slidetype slide_text=&#8220; *Say Hello, We&#8217;ll Say Hi Back* &#8222;][vc_column_text animation=&#8220;animation bottom-to-top&#8220;]We&#8217;re stronger together.[\/vc_column_text][\/vc_column][\/vc_row][vc_row css=&#8220;.vc_custom_1517861158111{padding-bottom: 6vh !important;}&#8220;][vc_column&hellip;<\/p>","protected":false},"author":1,"featured_media":0,"parent":0,"menu_order":0,"comment_status":"closed","ping_status":"closed","template":"","meta":{"footnotes":""},"class_list":["post-370","page","type-page","status-publish","hentry"],"yoast_head":"<!-- This site is optimized with the Yoast SEO plugin v24.4 - https:\/\/yoast.com\/wordpress\/plugins\/seo\/ -->\n<title>Contacts | Email and Phone | Onetribe Foundation<\/title>\n<meta name=\"description\" content=\"Contacts is important part of our web where you can contact us any time via email or phone | Connect with us on facebook and Instagram\" \/>\n<meta name=\"robots\" content=\"index, follow, max-snippet:-1, max-image-preview:large, max-video-preview:-1\" \/>\n<link rel=\"canonical\" href=\"https:\/\/www.onetribe.foundation\/en\/contacts\/\" \/>\n<meta property=\"og:locale\" content=\"en_US\" \/>\n<meta property=\"og:type\" content=\"article\" \/>\n<meta property=\"og:title\" content=\"Contacts | Email and Phone | Onetribe Foundation\" \/>\n<meta property=\"og:description\" content=\"Contacts is important part of our web where you can contact us any time via email or phone | Connect with us on facebook and Instagram\" \/>\n<meta property=\"og:url\" content=\"https:\/\/www.onetribe.foundation\/en\/contacts\/\" \/>\n<meta property=\"og:site_name\" content=\"Onetribe Foundation\" \/>\n<meta property=\"article:modified_time\" content=\"2021-05-02T10:54:06+00:00\" \/>\n<meta name=\"twitter:card\" content=\"summary_large_image\" \/>\n<meta name=\"twitter:label1\" content=\"Est. reading time\" \/>\n\t<meta name=\"twitter:data1\" content=\"1 minute\" \/>\n<script type=\"application\/ld+json\" class=\"yoast-schema-graph\">{\"@context\":\"https:\/\/schema.org\",\"@graph\":[{\"@type\":\"WebPage\",\"@id\":\"https:\/\/www.onetribe.foundation\/contacts\/\",\"url\":\"https:\/\/www.onetribe.foundation\/contacts\/\",\"name\":\"Contacts | Email and Phone | Onetribe Foundation\",\"isPartOf\":{\"@id\":\"https:\/\/www.onetribe.foundation\/#website\"},\"datePublished\":\"2020-09-17T04:06:25+00:00\",\"dateModified\":\"2021-05-02T10:54:06+00:00\",\"description\":\"Contacts is important part of our web where you can contact us any time via email or phone | Connect with us on facebook and Instagram\",\"breadcrumb\":{\"@id\":\"https:\/\/www.onetribe.foundation\/contacts\/#breadcrumb\"},\"inLanguage\":\"en-US\",\"potentialAction\":[{\"@type\":\"ReadAction\",\"target\":[\"https:\/\/www.onetribe.foundation\/contacts\/\"]}]},{\"@type\":\"BreadcrumbList\",\"@id\":\"https:\/\/www.onetribe.foundation\/contacts\/#breadcrumb\",\"itemListElement\":[{\"@type\":\"ListItem\",\"position\":1,\"name\":\"Home\",\"item\":\"https:\/\/www.onetribe.foundation\/\"},{\"@type\":\"ListItem\",\"position\":2,\"name\":\"Contacts\"}]},{\"@type\":\"WebSite\",\"@id\":\"https:\/\/www.onetribe.foundation\/#website\",\"url\":\"https:\/\/www.onetribe.foundation\/\",\"name\":\"Onetribe Foundation\",\"description\":\"Vytv\u00e1rame environment\u00e1lne a vzdel\u00e1vacie projekty v Afrike\",\"publisher\":{\"@id\":\"https:\/\/www.onetribe.foundation\/#organization\"},\"potentialAction\":[{\"@type\":\"SearchAction\",\"target\":{\"@type\":\"EntryPoint\",\"urlTemplate\":\"https:\/\/www.onetribe.foundation\/?s={search_term_string}\"},\"query-input\":{\"@type\":\"PropertyValueSpecification\",\"valueRequired\":true,\"valueName\":\"search_term_string\"}}],\"inLanguage\":\"en-US\"},{\"@type\":\"Organization\",\"@id\":\"https:\/\/www.onetribe.foundation\/#organization\",\"name\":\"Onetribe Foundation\",\"url\":\"https:\/\/www.onetribe.foundation\/\",\"logo\":{\"@type\":\"ImageObject\",\"inLanguage\":\"en-US\",\"@id\":\"https:\/\/www.onetribe.foundation\/#\/schema\/logo\/image\/\",\"url\":\"https:\/\/www.onetribe.foundation\/wp-content\/uploads\/2020\/11\/onetribe-wc-header-310px.png\",\"contentUrl\":\"https:\/\/www.onetribe.foundation\/wp-content\/uploads\/2020\/11\/onetribe-wc-header-310px.png\",\"width\":310,\"height\":100,\"caption\":\"Onetribe Foundation\"},\"image\":{\"@id\":\"https:\/\/www.onetribe.foundation\/#\/schema\/logo\/image\/\"}}]}<\/script>\n<!-- \/ Yoast SEO plugin. -->","yoast_head_json":{"title":"Contacts | Email and Phone | Onetribe Foundation","description":"Contacts is important part of our web where you can contact us any time via email or phone | Connect with us on facebook and Instagram","robots":{"index":"index","follow":"follow","max-snippet":"max-snippet:-1","max-image-preview":"max-image-preview:large","max-video-preview":"max-video-preview:-1"},"canonical":"https:\/\/www.onetribe.foundation\/en\/contacts\/","og_locale":"en_US","og_type":"article","og_title":"Contacts | Email and Phone | Onetribe Foundation","og_description":"Contacts is important part of our web where you can contact us any time via email or phone | Connect with us on facebook and Instagram","og_url":"https:\/\/www.onetribe.foundation\/en\/contacts\/","og_site_name":"Onetribe Foundation","article_modified_time":"2021-05-02T10:54:06+00:00","twitter_card":"summary_large_image","twitter_misc":{"Est. reading time":"1 minute"},"schema":{"@context":"https:\/\/schema.org","@graph":[{"@type":"WebPage","@id":"https:\/\/www.onetribe.foundation\/contacts\/","url":"https:\/\/www.onetribe.foundation\/contacts\/","name":"Contacts | Email and Phone | Onetribe Foundation","isPartOf":{"@id":"https:\/\/www.onetribe.foundation\/#website"},"datePublished":"2020-09-17T04:06:25+00:00","dateModified":"2021-05-02T10:54:06+00:00","description":"Contacts is important part of our web where you can contact us any time via email or phone | Connect with us on facebook and Instagram","breadcrumb":{"@id":"https:\/\/www.onetribe.foundation\/contacts\/#breadcrumb"},"inLanguage":"en-US","potentialAction":[{"@type":"ReadAction","target":["https:\/\/www.onetribe.foundation\/contacts\/"]}]},{"@type":"BreadcrumbList","@id":"https:\/\/www.onetribe.foundation\/contacts\/#breadcrumb","itemListElement":[{"@type":"ListItem","position":1,"name":"Home","item":"https:\/\/www.onetribe.foundation\/"},{"@type":"ListItem","position":2,"name":"Contacts"}]},{"@type":"WebSite","@id":"https:\/\/www.onetribe.foundation\/#website","url":"https:\/\/www.onetribe.foundation\/","name":"Onetribe Foundation","description":"Vytv\u00e1rame environment\u00e1lne a vzdel\u00e1vacie projekty v Afrike","publisher":{"@id":"https:\/\/www.onetribe.foundation\/#organization"},"potentialAction":[{"@type":"SearchAction","target":{"@type":"EntryPoint","urlTemplate":"https:\/\/www.onetribe.foundation\/?s={search_term_string}"},"query-input":{"@type":"PropertyValueSpecification","valueRequired":true,"valueName":"search_term_string"}}],"inLanguage":"en-US"},{"@type":"Organization","@id":"https:\/\/www.onetribe.foundation\/#organization","name":"Onetribe Foundation","url":"https:\/\/www.onetribe.foundation\/","logo":{"@type":"ImageObject","inLanguage":"en-US","@id":"https:\/\/www.onetribe.foundation\/#\/schema\/logo\/image\/","url":"https:\/\/www.onetribe.foundation\/wp-content\/uploads\/2020\/11\/onetribe-wc-header-310px.png","contentUrl":"https:\/\/www.onetribe.foundation\/wp-content\/uploads\/2020\/11\/onetribe-wc-header-310px.png","width":310,"height":100,"caption":"Onetribe Foundation"},"image":{"@id":"https:\/\/www.onetribe.foundation\/#\/schema\/logo\/image\/"}}]}},"_links":{"self":[{"href":"https:\/\/www.onetribe.foundation\/en\/wp-json\/wp\/v2\/pages\/370","targetHints":{"allow":["GET"]}}],"collection":[{"href":"https:\/\/www.onetribe.foundation\/en\/wp-json\/wp\/v2\/pages"}],"about":[{"href":"https:\/\/www.onetribe.foundation\/en\/wp-json\/wp\/v2\/types\/page"}],"author":[{"embeddable":true,"href":"https:\/\/www.onetribe.foundation\/en\/wp-json\/wp\/v2\/users\/1"}],"replies":[{"embeddable":true,"href":"https:\/\/www.onetribe.foundation\/en\/wp-json\/wp\/v2\/comments?post=370"}],"version-history":[{"count":5,"href":"https:\/\/www.onetribe.foundation\/en\/wp-json\/wp\/v2\/pages\/370\/revisions"}],"predecessor-version":[{"id":626,"href":"https:\/\/www.onetribe.foundation\/en\/wp-json\/wp\/v2\/pages\/370\/revisions\/626"}],"wp:attachment":[{"href":"https:\/\/www.onetribe.foundation\/en\/wp-json\/wp\/v2\/media?parent=370"}],"curies":[{"name":"wp","href":"https:\/\/api.w.org\/{rel}","templated":true}]}}