{"id":1791,"date":"2022-12-17T01:02:22","date_gmt":"2022-12-17T01:02:22","guid":{"rendered":"https:\/\/www.onetribe.foundation\/?page_id=1791"},"modified":"2023-04-28T11:45:19","modified_gmt":"2023-04-28T11:45:19","slug":"kontakt","status":"publish","type":"page","link":"https:\/\/www.onetribe.foundation\/en\/kontakt\/","title":{"rendered":"Contact"},"content":{"rendered":"<div data-elementor-type=\"wp-page\" data-elementor-id=\"1791\" class=\"elementor elementor-1791\" data-elementor-post-type=\"page\">\n\t\t\t\t\t\t<section class=\"elementor-section elementor-top-section elementor-element elementor-element-70a3c98 elementor-section-height-min-height elementor-section-boxed elementor-section-height-default elementor-section-items-middle\" data-id=\"70a3c98\" data-element_type=\"section\" data-settings=\"{&quot;background_background&quot;:&quot;classic&quot;}\">\n\t\t\t\t\t\t\t<div class=\"elementor-background-overlay\"><\/div>\n\t\t\t\t\t\t\t<div class=\"elementor-container elementor-column-gap-default\">\n\t\t\t\t\t<div class=\"elementor-column elementor-col-100 elementor-top-column elementor-element elementor-element-281fac17\" data-id=\"281fac17\" data-element_type=\"column\">\n\t\t\t<div class=\"elementor-widget-wrap elementor-element-populated\">\n\t\t\t\t\t\t<div class=\"elementor-element elementor-element-2d1854c0 elementor-widget elementor-widget-heading\" data-id=\"2d1854c0\" data-element_type=\"widget\" data-widget_type=\"heading.default\">\n\t\t\t\t<div class=\"elementor-widget-container\">\n\t\t\t\t\t<h1 class=\"elementor-heading-title elementor-size-default\">kontakty<\/h1>\t\t\t\t<\/div>\n\t\t\t\t<\/div>\n\t\t\t\t\t<\/div>\n\t\t<\/div>\n\t\t\t\t\t<\/div>\n\t\t<\/section>\n\t\t\t\t<section class=\"elementor-section elementor-top-section elementor-element elementor-element-36f4cdaf elementor-section-boxed elementor-section-height-default elementor-section-height-default\" data-id=\"36f4cdaf\" data-element_type=\"section\">\n\t\t\t\t\t\t<div class=\"elementor-container elementor-column-gap-default\">\n\t\t\t\t\t<div class=\"elementor-column elementor-col-50 elementor-top-column elementor-element elementor-element-619842e4\" data-id=\"619842e4\" data-element_type=\"column\">\n\t\t\t<div class=\"elementor-widget-wrap elementor-element-populated\">\n\t\t\t\t\t\t<div class=\"elementor-element elementor-element-78df38a3 elementor-widget elementor-widget-heading\" data-id=\"78df38a3\" data-element_type=\"widget\" data-widget_type=\"heading.default\">\n\t\t\t\t<div class=\"elementor-widget-container\">\n\t\t\t\t\t<h2 class=\"elementor-heading-title elementor-size-default\">ozvite sa n\u00e1m<\/h2>\t\t\t\t<\/div>\n\t\t\t\t<\/div>\n\t\t\t\t<div class=\"elementor-element elementor-element-2dc5925 elementor-button-align-center elementor-widget elementor-widget-form\" data-id=\"2dc5925\" data-element_type=\"widget\" data-settings=\"{&quot;button_width&quot;:&quot;100&quot;,&quot;step_type&quot;:&quot;number_text&quot;,&quot;step_icon_shape&quot;:&quot;circle&quot;}\" data-widget_type=\"form.default\">\n\t\t\t\t<div class=\"elementor-widget-container\">\n\t\t\t\t\t\t\t<form class=\"elementor-form\" method=\"post\" name=\"Kontakt\" action=\"\">\n\t\t\t<input type=\"hidden\" name=\"post_id\" value=\"1791\"\/>\n\t\t\t<input type=\"hidden\" name=\"form_id\" value=\"2dc5925\"\/>\n\t\t\t<input type=\"hidden\" name=\"referer_title\" value=\"Onetribe Foundation\" \/>\n\n\t\t\t\n\t\t\t<div class=\"elementor-form-fields-wrapper elementor-labels-above\">\n\t\t\t\t\t\t\t\t<div class=\"elementor-field-type-text elementor-field-group elementor-column elementor-field-group-name elementor-col-50 elementor-field-required elementor-mark-required\">\n\t\t\t\t\t\t\t\t\t\t\t\t<label for=\"form-field-name\" class=\"elementor-field-label\">\n\t\t\t\t\t\t\t\tVa\u0161e meno\t\t\t\t\t\t\t<\/label>\n\t\t\t\t\t\t\t\t\t\t\t\t\t\t<input size=\"1\" type=\"text\" name=\"form_fields[name]\" id=\"form-field-name\" class=\"elementor-field elementor-size-sm  elementor-field-textual\" required=\"required\">\n\t\t\t\t\t\t\t\t\t\t\t<\/div>\n\t\t\t\t\t\t\t\t<div class=\"elementor-field-type-email elementor-field-group elementor-column elementor-field-group-email elementor-col-50 elementor-field-required elementor-mark-required\">\n\t\t\t\t\t\t\t\t\t\t\t\t<label for=\"form-field-email\" class=\"elementor-field-label\">\n\t\t\t\t\t\t\t\tVa\u0161a e-mailov\u00e1 adresa\t\t\t\t\t\t\t<\/label>\n\t\t\t\t\t\t\t\t\t\t\t\t\t\t<input size=\"1\" type=\"email\" name=\"form_fields[email]\" id=\"form-field-email\" class=\"elementor-field elementor-size-sm  elementor-field-textual\" required=\"required\">\n\t\t\t\t\t\t\t\t\t\t\t<\/div>\n\t\t\t\t\t\t\t\t<div class=\"elementor-field-type-select elementor-field-group elementor-column elementor-field-group-field_96a2811 elementor-col-100 elementor-field-required elementor-mark-required\">\n\t\t\t\t\t\t\t\t\t\t\t\t<label for=\"form-field-field_96a2811\" class=\"elementor-field-label\">\n\t\t\t\t\t\t\t\tObsah spr\u00e1vy\t\t\t\t\t\t\t<\/label>\n\t\t\t\t\t\t\t\t<div class=\"elementor-field elementor-select-wrapper remove-before\">\n\t\t\t<div class=\"select-caret-down-wrapper\">\n\t\t\t\t<i aria-hidden=\"true\" class=\"eicon-caret-down\"><\/i>\t\t\t<\/div>\n\t\t\t<select name=\"form_fields[field_96a2811]\" id=\"form-field-field_96a2811\" class=\"elementor-field-textual elementor-size-sm\" required=\"required\">\n\t\t\t\t\t\t\t\t\t<option value=\"chcem v\u00e1m posla\u0165 peniaze alebo dar\">chcem v\u00e1m posla\u0165 peniaze alebo dar<\/option>\n\t\t\t\t\t\t\t\t\t<option value=\"chcem s vami spolupracova\u0165\">chcem s vami spolupracova\u0165<\/option>\n\t\t\t\t\t\t\t\t\t<option value=\"m\u00e1m ot\u00e1zku oh\u013eadom va\u0161ej organiz\u00e1cie\">m\u00e1m ot\u00e1zku oh\u013eadom va\u0161ej organiz\u00e1cie<\/option>\n\t\t\t\t\t\t\t\t\t<option value=\"m\u00e1m ot\u00e1zku oh\u013eadom va\u0161ich produktov\">m\u00e1m ot\u00e1zku oh\u013eadom va\u0161ich produktov<\/option>\n\t\t\t\t\t\t\t\t\t<option value=\"in\u00e9\">in\u00e9<\/option>\n\t\t\t\t\t\t\t<\/select>\n\t\t<\/div>\n\t\t\t\t\t\t<\/div>\n\t\t\t\t\t\t\t\t<div class=\"elementor-field-type-textarea elementor-field-group elementor-column elementor-field-group-message elementor-col-100 elementor-field-required elementor-mark-required\">\n\t\t\t\t\t\t\t\t\t\t\t\t<label for=\"form-field-message\" class=\"elementor-field-label\">\n\t\t\t\t\t\t\t\tVa\u0161a spr\u00e1va\t\t\t\t\t\t\t<\/label>\n\t\t\t\t\t\t<textarea class=\"elementor-field-textual elementor-field  elementor-size-sm\" name=\"form_fields[message]\" id=\"form-field-message\" rows=\"4\" required=\"required\"><\/textarea>\t\t\t\t<\/div>\n\t\t\t\t\t\t\t\t<div class=\"elementor-field-group elementor-column elementor-field-type-submit elementor-col-100 e-form__buttons\">\n\t\t\t\t\t<button class=\"elementor-button elementor-size-md\" type=\"submit\">\n\t\t\t\t\t\t<span class=\"elementor-button-content-wrapper\">\n\t\t\t\t\t\t\t\t\t\t\t\t\t\t\t<span class=\"elementor-button-icon\">\n\t\t\t\t\t\t\t\t\t<i aria-hidden=\"true\" class=\"far fa-envelope\"><\/i>\t\t\t\t\t\t\t\t\t\t\t\t\t\t\t\t\t<\/span>\n\t\t\t\t\t\t\t\t\t\t\t\t\t\t\t\t\t\t\t\t\t\t<span class=\"elementor-button-text\">Posla\u0165<\/span>\n\t\t\t\t\t\t\t\t\t\t\t\t\t<\/span>\n\t\t\t\t\t<\/button>\n\t\t\t\t<\/div>\n\t\t\t<\/div>\n\t\t<input type=\"hidden\" name=\"trp-form-language\" value=\"en\"\/><\/form>\n\t\t\t\t\t\t<\/div>\n\t\t\t\t<\/div>\n\t\t\t\t\t<\/div>\n\t\t<\/div>\n\t\t\t\t<div class=\"elementor-column elementor-col-50 elementor-top-column elementor-element elementor-element-5651b563\" data-id=\"5651b563\" data-element_type=\"column\">\n\t\t\t<div class=\"elementor-widget-wrap elementor-element-populated\">\n\t\t\t\t\t\t<div class=\"elementor-element elementor-element-5ed0c37 elementor-widget elementor-widget-heading\" data-id=\"5ed0c37\" data-element_type=\"widget\" data-widget_type=\"heading.default\">\n\t\t\t\t<div class=\"elementor-widget-container\">\n\t\t\t\t\t<h2 class=\"elementor-heading-title elementor-size-default\">spojte sa s nami<\/h2>\t\t\t\t<\/div>\n\t\t\t\t<\/div>\n\t\t\t\t<div class=\"elementor-element elementor-element-4168331 elementor-icon-list--layout-traditional elementor-list-item-link-full_width elementor-widget elementor-widget-icon-list\" data-id=\"4168331\" data-element_type=\"widget\" data-widget_type=\"icon-list.default\">\n\t\t\t\t<div class=\"elementor-widget-container\">\n\t\t\t\t\t\t\t<ul class=\"elementor-icon-list-items\">\n\t\t\t\t\t\t\t<li class=\"elementor-icon-list-item\">\n\t\t\t\t\t\t\t\t\t\t\t<span class=\"elementor-icon-list-icon\">\n\t\t\t\t\t\t\t<i aria-hidden=\"true\" class=\"fas fa-phone-alt\"><\/i>\t\t\t\t\t\t<\/span>\n\t\t\t\t\t\t\t\t\t\t<span class=\"elementor-icon-list-text\">+421 915 851 758<\/span>\n\t\t\t\t\t\t\t\t\t<\/li>\n\t\t\t\t\t\t\t\t<li class=\"elementor-icon-list-item\">\n\t\t\t\t\t\t\t\t\t\t\t<a href=\"mailto:info@onetribe.foundation\">\n\n\t\t\t\t\t\t\t\t\t\t\t\t<span class=\"elementor-icon-list-icon\">\n\t\t\t\t\t\t\t<i aria-hidden=\"true\" class=\"fas fa-at\"><\/i>\t\t\t\t\t\t<\/span>\n\t\t\t\t\t\t\t\t\t\t<span class=\"elementor-icon-list-text\">info@onetribe.foundation<\/span>\n\t\t\t\t\t\t\t\t\t\t\t<\/a>\n\t\t\t\t\t\t\t\t\t<\/li>\n\t\t\t\t\t\t<\/ul>\n\t\t\t\t\t\t<\/div>\n\t\t\t\t<\/div>\n\t\t\t\t<div class=\"elementor-element elementor-element-2cc6d25 elementor-widget elementor-widget-heading\" data-id=\"2cc6d25\" data-element_type=\"widget\" data-widget_type=\"heading.default\">\n\t\t\t\t<div class=\"elementor-widget-container\">\n\t\t\t\t\t<h2 class=\"elementor-heading-title elementor-size-default\">registra\u010dn\u00e9 \u00fadaje<\/h2>\t\t\t\t<\/div>\n\t\t\t\t<\/div>\n\t\t\t\t<div class=\"elementor-element elementor-element-1cfbd859 elementor-widget elementor-widget-text-editor\" data-id=\"1cfbd859\" data-element_type=\"widget\" data-widget_type=\"text-editor.default\">\n\t\t\t\t<div class=\"elementor-widget-container\">\n\t\t\t\t\t\t\t\t\t<p><b>Onetribe Foundation<\/b><br \/><br \/>Jozefa Kronera 11246\/15<br \/>036 01 Martin<br \/>I\u010cO: 531 637 29<br \/><br \/>Bankov\u00fd \u00fa\u010det<br \/><br \/>IBAN: SK9702000000004329614153<br \/>SWIFT: SUBASKBX<br \/>Banka: V\u0161eobecn\u00e1 \u00faverov\u00e1 banka, a.s.<\/p>\t\t\t\t\t\t\t\t<\/div>\n\t\t\t\t<\/div>\n\t\t\t\t<div class=\"elementor-element elementor-element-d8dc911 elementor-widget elementor-widget-spacer\" data-id=\"d8dc911\" data-element_type=\"widget\" data-widget_type=\"spacer.default\">\n\t\t\t\t<div class=\"elementor-widget-container\">\n\t\t\t\t\t\t\t<div class=\"elementor-spacer\">\n\t\t\t<div class=\"elementor-spacer-inner\"><\/div>\n\t\t<\/div>\n\t\t\t\t\t\t<\/div>\n\t\t\t\t<\/div>\n\t\t\t\t\t<\/div>\n\t\t<\/div>\n\t\t\t\t\t<\/div>\n\t\t<\/section>\n\t\t\t\t<\/div>","protected":false},"excerpt":{"rendered":"<p>kontakty ozvite sa n\u00e1m spojte sa s nami +421 915 851 758 info@onetribe.foundation registra\u010dn\u00e9 \u00fadaje Onetribe Foundation Jozefa Kronera 11246\/15036 01 MartinI\u010cO: 531 637 29 Bankov\u00fd \u00fa\u010det IBAN: SK9702000000004329614153SWIFT: SUBASKBXBanka: V\u0161eobecn\u00e1 \u00faverov\u00e1 banka, a.s.<\/p>","protected":false},"author":2,"featured_media":0,"parent":0,"menu_order":0,"comment_status":"closed","ping_status":"closed","template":"","meta":{"footnotes":""},"class_list":["post-1791","page","type-page","status-publish","hentry"],"yoast_head":"<!-- This site is optimized with the Yoast SEO plugin v24.4 - https:\/\/yoast.com\/wordpress\/plugins\/seo\/ -->\n<title>Kontakt - Onetribe Foundation<\/title>\n<meta name=\"robots\" content=\"index, follow, max-snippet:-1, max-image-preview:large, max-video-preview:-1\" \/>\n<link rel=\"canonical\" href=\"https:\/\/www.onetribe.foundation\/en\/kontakt\/\" \/>\n<meta property=\"og:locale\" content=\"en_US\" \/>\n<meta property=\"og:type\" content=\"article\" \/>\n<meta property=\"og:title\" content=\"Kontakt - Onetribe Foundation\" \/>\n<meta property=\"og:description\" content=\"kontakty ozvite sa n\u00e1m spojte sa s nami +421 915 851 758 info@onetribe.foundation registra\u010dn\u00e9 \u00fadaje Onetribe Foundation Jozefa Kronera 11246\/15036 01 MartinI\u010cO: 531 637 29 Bankov\u00fd \u00fa\u010det IBAN: SK9702000000004329614153SWIFT: SUBASKBXBanka: V\u0161eobecn\u00e1 \u00faverov\u00e1 banka, a.s.\" \/>\n<meta property=\"og:url\" content=\"https:\/\/www.onetribe.foundation\/en\/kontakt\/\" \/>\n<meta property=\"og:site_name\" content=\"Onetribe Foundation\" \/>\n<meta property=\"article:modified_time\" content=\"2023-04-28T11:45:19+00:00\" \/>\n<meta name=\"twitter:card\" content=\"summary_large_image\" \/>\n<meta name=\"twitter:label1\" content=\"Est. reading time\" \/>\n\t<meta name=\"twitter:data1\" content=\"1 minute\" \/>\n<script type=\"application\/ld+json\" class=\"yoast-schema-graph\">{\"@context\":\"https:\/\/schema.org\",\"@graph\":[{\"@type\":\"WebPage\",\"@id\":\"https:\/\/www.onetribe.foundation\/kontakt\/\",\"url\":\"https:\/\/www.onetribe.foundation\/kontakt\/\",\"name\":\"Kontakt - Onetribe Foundation\",\"isPartOf\":{\"@id\":\"https:\/\/www.onetribe.foundation\/#website\"},\"datePublished\":\"2022-12-17T01:02:22+00:00\",\"dateModified\":\"2023-04-28T11:45:19+00:00\",\"breadcrumb\":{\"@id\":\"https:\/\/www.onetribe.foundation\/kontakt\/#breadcrumb\"},\"inLanguage\":\"en-US\",\"potentialAction\":[{\"@type\":\"ReadAction\",\"target\":[\"https:\/\/www.onetribe.foundation\/kontakt\/\"]}]},{\"@type\":\"BreadcrumbList\",\"@id\":\"https:\/\/www.onetribe.foundation\/kontakt\/#breadcrumb\",\"itemListElement\":[{\"@type\":\"ListItem\",\"position\":1,\"name\":\"Home\",\"item\":\"https:\/\/www.onetribe.foundation\/\"},{\"@type\":\"ListItem\",\"position\":2,\"name\":\"Kontakt\"}]},{\"@type\":\"WebSite\",\"@id\":\"https:\/\/www.onetribe.foundation\/#website\",\"url\":\"https:\/\/www.onetribe.foundation\/\",\"name\":\"Onetribe Foundation\",\"description\":\"Vytv\u00e1rame environment\u00e1lne a vzdel\u00e1vacie projekty v Afrike\",\"publisher\":{\"@id\":\"https:\/\/www.onetribe.foundation\/#organization\"},\"potentialAction\":[{\"@type\":\"SearchAction\",\"target\":{\"@type\":\"EntryPoint\",\"urlTemplate\":\"https:\/\/www.onetribe.foundation\/?s={search_term_string}\"},\"query-input\":{\"@type\":\"PropertyValueSpecification\",\"valueRequired\":true,\"valueName\":\"search_term_string\"}}],\"inLanguage\":\"en-US\"},{\"@type\":\"Organization\",\"@id\":\"https:\/\/www.onetribe.foundation\/#organization\",\"name\":\"Onetribe Foundation\",\"url\":\"https:\/\/www.onetribe.foundation\/\",\"logo\":{\"@type\":\"ImageObject\",\"inLanguage\":\"en-US\",\"@id\":\"https:\/\/www.onetribe.foundation\/#\/schema\/logo\/image\/\",\"url\":\"https:\/\/www.onetribe.foundation\/wp-content\/uploads\/2020\/11\/onetribe-wc-header-310px.png\",\"contentUrl\":\"https:\/\/www.onetribe.foundation\/wp-content\/uploads\/2020\/11\/onetribe-wc-header-310px.png\",\"width\":310,\"height\":100,\"caption\":\"Onetribe Foundation\"},\"image\":{\"@id\":\"https:\/\/www.onetribe.foundation\/#\/schema\/logo\/image\/\"}}]}<\/script>\n<!-- \/ Yoast SEO plugin. -->","yoast_head_json":{"title":"Kontakt - Onetribe Foundation","robots":{"index":"index","follow":"follow","max-snippet":"max-snippet:-1","max-image-preview":"max-image-preview:large","max-video-preview":"max-video-preview:-1"},"canonical":"https:\/\/www.onetribe.foundation\/en\/kontakt\/","og_locale":"en_US","og_type":"article","og_title":"Kontakt - Onetribe Foundation","og_description":"kontakty ozvite sa n\u00e1m spojte sa s nami +421 915 851 758 info@onetribe.foundation registra\u010dn\u00e9 \u00fadaje Onetribe Foundation Jozefa Kronera 11246\/15036 01 MartinI\u010cO: 531 637 29 Bankov\u00fd \u00fa\u010det IBAN: SK9702000000004329614153SWIFT: SUBASKBXBanka: V\u0161eobecn\u00e1 \u00faverov\u00e1 banka, a.s.","og_url":"https:\/\/www.onetribe.foundation\/en\/kontakt\/","og_site_name":"Onetribe Foundation","article_modified_time":"2023-04-28T11:45:19+00:00","twitter_card":"summary_large_image","twitter_misc":{"Est. reading time":"1 minute"},"schema":{"@context":"https:\/\/schema.org","@graph":[{"@type":"WebPage","@id":"https:\/\/www.onetribe.foundation\/kontakt\/","url":"https:\/\/www.onetribe.foundation\/kontakt\/","name":"Kontakt - Onetribe Foundation","isPartOf":{"@id":"https:\/\/www.onetribe.foundation\/#website"},"datePublished":"2022-12-17T01:02:22+00:00","dateModified":"2023-04-28T11:45:19+00:00","breadcrumb":{"@id":"https:\/\/www.onetribe.foundation\/kontakt\/#breadcrumb"},"inLanguage":"en-US","potentialAction":[{"@type":"ReadAction","target":["https:\/\/www.onetribe.foundation\/kontakt\/"]}]},{"@type":"BreadcrumbList","@id":"https:\/\/www.onetribe.foundation\/kontakt\/#breadcrumb","itemListElement":[{"@type":"ListItem","position":1,"name":"Home","item":"https:\/\/www.onetribe.foundation\/"},{"@type":"ListItem","position":2,"name":"Kontakt"}]},{"@type":"WebSite","@id":"https:\/\/www.onetribe.foundation\/#website","url":"https:\/\/www.onetribe.foundation\/","name":"Onetribe Foundation","description":"Vytv\u00e1rame environment\u00e1lne a vzdel\u00e1vacie projekty v Afrike","publisher":{"@id":"https:\/\/www.onetribe.foundation\/#organization"},"potentialAction":[{"@type":"SearchAction","target":{"@type":"EntryPoint","urlTemplate":"https:\/\/www.onetribe.foundation\/?s={search_term_string}"},"query-input":{"@type":"PropertyValueSpecification","valueRequired":true,"valueName":"search_term_string"}}],"inLanguage":"en-US"},{"@type":"Organization","@id":"https:\/\/www.onetribe.foundation\/#organization","name":"Onetribe Foundation","url":"https:\/\/www.onetribe.foundation\/","logo":{"@type":"ImageObject","inLanguage":"en-US","@id":"https:\/\/www.onetribe.foundation\/#\/schema\/logo\/image\/","url":"https:\/\/www.onetribe.foundation\/wp-content\/uploads\/2020\/11\/onetribe-wc-header-310px.png","contentUrl":"https:\/\/www.onetribe.foundation\/wp-content\/uploads\/2020\/11\/onetribe-wc-header-310px.png","width":310,"height":100,"caption":"Onetribe Foundation"},"image":{"@id":"https:\/\/www.onetribe.foundation\/#\/schema\/logo\/image\/"}}]}},"_links":{"self":[{"href":"https:\/\/www.onetribe.foundation\/en\/wp-json\/wp\/v2\/pages\/1791","targetHints":{"allow":["GET"]}}],"collection":[{"href":"https:\/\/www.onetribe.foundation\/en\/wp-json\/wp\/v2\/pages"}],"about":[{"href":"https:\/\/www.onetribe.foundation\/en\/wp-json\/wp\/v2\/types\/page"}],"author":[{"embeddable":true,"href":"https:\/\/www.onetribe.foundation\/en\/wp-json\/wp\/v2\/users\/2"}],"replies":[{"embeddable":true,"href":"https:\/\/www.onetribe.foundation\/en\/wp-json\/wp\/v2\/comments?post=1791"}],"version-history":[{"count":6,"href":"https:\/\/www.onetribe.foundation\/en\/wp-json\/wp\/v2\/pages\/1791\/revisions"}],"predecessor-version":[{"id":2269,"href":"https:\/\/www.onetribe.foundation\/en\/wp-json\/wp\/v2\/pages\/1791\/revisions\/2269"}],"wp:attachment":[{"href":"https:\/\/www.onetribe.foundation\/en\/wp-json\/wp\/v2\/media?parent=1791"}],"curies":[{"name":"wp","href":"https:\/\/api.w.org\/{rel}","templated":true}]}}